{"id":247,"date":"2024-04-01T15:21:28","date_gmt":"2024-04-01T15:21:28","guid":{"rendered":"https:\/\/deficryptoinsurance.com\/?page_id=247"},"modified":"2024-04-25T14:20:02","modified_gmt":"2024-04-25T14:20:02","slug":"kontakt","status":"publish","type":"page","link":"https:\/\/deficryptoinsurance.com\/de\/kontakt\/","title":{"rendered":"Kontakt"},"content":{"rendered":"\n<p>Willkommen auf unserer DeFi Crypto Insurance-Plattform! Wir freuen uns, innovative dezentralisierte Versicherungsl\u00f6sungen anbieten zu k\u00f6nnen, die die Art und Weise, wie Sie Ihr Verm\u00f6gen sch\u00fctzen, neu definieren. Ob Sie als Hausbesitzer Ihr Eigentum vor Naturkatastrophen sch\u00fctzen wollen oder als Investor auf der Suche nach Sicherheit bei Ihren Handelsgesch\u00e4ften sind, unser DeFi-Versicherungsprodukt bietet eine effiziente, transparente und zuverl\u00e4ssige Deckung.<\/p>\n\n\n\n<p>Haben Sie Fragen zu unseren DeFi-Versicherungsangeboten oder ben\u00f6tigen Sie Unterst\u00fctzung bei Ihrer Police? Wir sind f\u00fcr Sie da! Wenden Sie sich an unser engagiertes Team, um pers\u00f6nliche Unterst\u00fctzung und Beratung zu erhalten. Ihre Zufriedenheit und Sicherheit stehen f\u00fcr uns an erster Stelle, und wir sind bestrebt, Ihnen bei jedem Schritt einen hervorragenden Service zu bieten.<\/p>\n","protected":false},"excerpt":{"rendered":"<p>Willkommen auf unserer DeFi Crypto Insurance-Plattform! Wir freuen uns, innovative dezentralisierte Versicherungsl\u00f6sungen anbieten zu k\u00f6nnen, die die Art und Weise, wie Sie Ihr Verm\u00f6gen sch\u00fctzen, neu definieren. Ob Sie als Hausbesitzer Ihr Eigentum vor Naturkatastrophen sch\u00fctzen wollen oder als Investor auf der Suche nach Sicherheit bei Ihren Handelsgesch\u00e4ften sind, unser DeFi-Versicherungsprodukt bietet eine effiziente, transparente [&hellip;]<\/p>\n","protected":false},"author":1,"featured_media":0,"parent":0,"menu_order":0,"comment_status":"closed","ping_status":"closed","template":"countact-us-template.php","meta":{"inline_featured_image":false,"footnotes":""},"yoast_head":"<!-- This site is optimized with the Yoast SEO plugin v22.5 - https:\/\/yoast.com\/wordpress\/plugins\/seo\/ -->\n<title>DeFi Crypto Insurance \u2013 Kontakt<\/title>\n<meta name=\"description\" content=\"Ben\u00f6tigen Sie weitere Informationen zur DeFi-Versicherung? Kontaktieren Sie DeFi Crypto Insurance gerne direkt und erhalten Sie alle Antworten vom Profi-Team.\" \/>\n<meta name=\"robots\" content=\"index, follow, max-snippet:-1, max-image-preview:large, max-video-preview:-1\" \/>\n<link rel=\"canonical\" href=\"https:\/\/deficryptoinsurance.com\/de\/kontakt\/\" \/>\n<meta property=\"og:locale\" content=\"de_DE\" \/>\n<meta property=\"og:type\" content=\"article\" \/>\n<meta property=\"og:title\" content=\"DeFi Crypto Insurance \u2013 Kontakt\" \/>\n<meta property=\"og:description\" content=\"Ben\u00f6tigen Sie weitere Informationen zur DeFi-Versicherung? Kontaktieren Sie DeFi Crypto Insurance gerne direkt und erhalten Sie alle Antworten vom Profi-Team.\" \/>\n<meta property=\"og:url\" content=\"https:\/\/deficryptoinsurance.com\/de\/kontakt\/\" \/>\n<meta property=\"og:site_name\" content=\"DeFi Crypto Insurance\" \/>\n<meta property=\"article:modified_time\" content=\"2024-04-25T14:20:02+00:00\" \/>\n<meta property=\"og:image\" content=\"https:\/\/deficryptoinsurance.com\/wp-content\/uploads\/2024\/05\/cropped-Group-15-1.png\" \/>\n\t<meta property=\"og:image:width\" content=\"512\" \/>\n\t<meta property=\"og:image:height\" content=\"512\" \/>\n\t<meta property=\"og:image:type\" content=\"image\/png\" \/>\n<meta name=\"twitter:card\" content=\"summary_large_image\" \/>\n<meta name=\"twitter:label1\" content=\"Gesch\u00e4tzte Lesezeit\" \/>\n\t<meta name=\"twitter:data1\" content=\"1 Minute\" \/>\n<script type=\"application\/ld+json\" class=\"yoast-schema-graph\">{\"@context\":\"https:\/\/schema.org\",\"@graph\":[{\"@type\":\"WebPage\",\"@id\":\"https:\/\/deficryptoinsurance.com\/de\/kontakt\/\",\"url\":\"https:\/\/deficryptoinsurance.com\/de\/kontakt\/\",\"name\":\"DeFi Crypto Insurance \u2013 Kontakt\",\"isPartOf\":{\"@id\":\"https:\/\/deficryptoinsurance.com\/de\/#website\"},\"datePublished\":\"2024-04-01T15:21:28+00:00\",\"dateModified\":\"2024-04-25T14:20:02+00:00\",\"description\":\"Ben\u00f6tigen Sie weitere Informationen zur DeFi-Versicherung? Kontaktieren Sie DeFi Crypto Insurance gerne direkt und erhalten Sie alle Antworten vom Profi-Team.\",\"breadcrumb\":{\"@id\":\"https:\/\/deficryptoinsurance.com\/de\/kontakt\/#breadcrumb\"},\"inLanguage\":\"de-DE\",\"potentialAction\":[{\"@type\":\"ReadAction\",\"target\":[\"https:\/\/deficryptoinsurance.com\/de\/kontakt\/\"]}]},{\"@type\":\"BreadcrumbList\",\"@id\":\"https:\/\/deficryptoinsurance.com\/de\/kontakt\/#breadcrumb\",\"itemListElement\":[{\"@type\":\"ListItem\",\"position\":1,\"name\":\"Home\",\"item\":\"https:\/\/deficryptoinsurance.com\/de\/\"},{\"@type\":\"ListItem\",\"position\":2,\"name\":\"Kontakt\"}]},{\"@type\":\"WebSite\",\"@id\":\"https:\/\/deficryptoinsurance.com\/de\/#website\",\"url\":\"https:\/\/deficryptoinsurance.com\/de\/\",\"name\":\"Defi Crypto Insurance\",\"description\":\"DeFi Crypto Insurance\",\"publisher\":{\"@id\":\"https:\/\/deficryptoinsurance.com\/de\/#organization\"},\"potentialAction\":[{\"@type\":\"SearchAction\",\"target\":{\"@type\":\"EntryPoint\",\"urlTemplate\":\"https:\/\/deficryptoinsurance.com\/de\/?s={search_term_string}\"},\"query-input\":\"required name=search_term_string\"}],\"inLanguage\":\"de-DE\"},{\"@type\":\"Organization\",\"@id\":\"https:\/\/deficryptoinsurance.com\/de\/#organization\",\"name\":\"Defi Crypto Insurance\",\"url\":\"https:\/\/deficryptoinsurance.com\/de\/\",\"logo\":{\"@type\":\"ImageObject\",\"inLanguage\":\"de-DE\",\"@id\":\"https:\/\/deficryptoinsurance.com\/de\/#\/schema\/logo\/image\/\",\"url\":\"https:\/\/deficryptoinsurance.com\/wp-content\/uploads\/2024\/05\/cropped-Group-15-1.png\",\"contentUrl\":\"https:\/\/deficryptoinsurance.com\/wp-content\/uploads\/2024\/05\/cropped-Group-15-1.png\",\"width\":512,\"height\":512,\"caption\":\"Defi Crypto Insurance\"},\"image\":{\"@id\":\"https:\/\/deficryptoinsurance.com\/de\/#\/schema\/logo\/image\/\"}}]}<\/script>\n<!-- \/ Yoast SEO plugin. -->","yoast_head_json":{"title":"DeFi Crypto Insurance \u2013 Kontakt","description":"Ben\u00f6tigen Sie weitere Informationen zur DeFi-Versicherung? Kontaktieren Sie DeFi Crypto Insurance gerne direkt und erhalten Sie alle Antworten vom Profi-Team.","robots":{"index":"index","follow":"follow","max-snippet":"max-snippet:-1","max-image-preview":"max-image-preview:large","max-video-preview":"max-video-preview:-1"},"canonical":"https:\/\/deficryptoinsurance.com\/de\/kontakt\/","og_locale":"de_DE","og_type":"article","og_title":"DeFi Crypto Insurance \u2013 Kontakt","og_description":"Ben\u00f6tigen Sie weitere Informationen zur DeFi-Versicherung? Kontaktieren Sie DeFi Crypto Insurance gerne direkt und erhalten Sie alle Antworten vom Profi-Team.","og_url":"https:\/\/deficryptoinsurance.com\/de\/kontakt\/","og_site_name":"DeFi Crypto Insurance","article_modified_time":"2024-04-25T14:20:02+00:00","og_image":[{"width":512,"height":512,"url":"https:\/\/deficryptoinsurance.com\/wp-content\/uploads\/2024\/05\/cropped-Group-15-1.png","type":"image\/png"}],"twitter_card":"summary_large_image","twitter_misc":{"Gesch\u00e4tzte Lesezeit":"1 Minute"},"schema":{"@context":"https:\/\/schema.org","@graph":[{"@type":"WebPage","@id":"https:\/\/deficryptoinsurance.com\/de\/kontakt\/","url":"https:\/\/deficryptoinsurance.com\/de\/kontakt\/","name":"DeFi Crypto Insurance \u2013 Kontakt","isPartOf":{"@id":"https:\/\/deficryptoinsurance.com\/de\/#website"},"datePublished":"2024-04-01T15:21:28+00:00","dateModified":"2024-04-25T14:20:02+00:00","description":"Ben\u00f6tigen Sie weitere Informationen zur DeFi-Versicherung? Kontaktieren Sie DeFi Crypto Insurance gerne direkt und erhalten Sie alle Antworten vom Profi-Team.","breadcrumb":{"@id":"https:\/\/deficryptoinsurance.com\/de\/kontakt\/#breadcrumb"},"inLanguage":"de-DE","potentialAction":[{"@type":"ReadAction","target":["https:\/\/deficryptoinsurance.com\/de\/kontakt\/"]}]},{"@type":"BreadcrumbList","@id":"https:\/\/deficryptoinsurance.com\/de\/kontakt\/#breadcrumb","itemListElement":[{"@type":"ListItem","position":1,"name":"Home","item":"https:\/\/deficryptoinsurance.com\/de\/"},{"@type":"ListItem","position":2,"name":"Kontakt"}]},{"@type":"WebSite","@id":"https:\/\/deficryptoinsurance.com\/de\/#website","url":"https:\/\/deficryptoinsurance.com\/de\/","name":"Defi Crypto Insurance","description":"DeFi Crypto Insurance","publisher":{"@id":"https:\/\/deficryptoinsurance.com\/de\/#organization"},"potentialAction":[{"@type":"SearchAction","target":{"@type":"EntryPoint","urlTemplate":"https:\/\/deficryptoinsurance.com\/de\/?s={search_term_string}"},"query-input":"required name=search_term_string"}],"inLanguage":"de-DE"},{"@type":"Organization","@id":"https:\/\/deficryptoinsurance.com\/de\/#organization","name":"Defi Crypto Insurance","url":"https:\/\/deficryptoinsurance.com\/de\/","logo":{"@type":"ImageObject","inLanguage":"de-DE","@id":"https:\/\/deficryptoinsurance.com\/de\/#\/schema\/logo\/image\/","url":"https:\/\/deficryptoinsurance.com\/wp-content\/uploads\/2024\/05\/cropped-Group-15-1.png","contentUrl":"https:\/\/deficryptoinsurance.com\/wp-content\/uploads\/2024\/05\/cropped-Group-15-1.png","width":512,"height":512,"caption":"Defi Crypto Insurance"},"image":{"@id":"https:\/\/deficryptoinsurance.com\/de\/#\/schema\/logo\/image\/"}}]}},"_links":{"self":[{"href":"https:\/\/deficryptoinsurance.com\/de\/wp-json\/wp\/v2\/pages\/247"}],"collection":[{"href":"https:\/\/deficryptoinsurance.com\/de\/wp-json\/wp\/v2\/pages"}],"about":[{"href":"https:\/\/deficryptoinsurance.com\/de\/wp-json\/wp\/v2\/types\/page"}],"author":[{"embeddable":true,"href":"https:\/\/deficryptoinsurance.com\/de\/wp-json\/wp\/v2\/users\/1"}],"replies":[{"embeddable":true,"href":"https:\/\/deficryptoinsurance.com\/de\/wp-json\/wp\/v2\/comments?post=247"}],"version-history":[{"count":4,"href":"https:\/\/deficryptoinsurance.com\/de\/wp-json\/wp\/v2\/pages\/247\/revisions"}],"predecessor-version":[{"id":342,"href":"https:\/\/deficryptoinsurance.com\/de\/wp-json\/wp\/v2\/pages\/247\/revisions\/342"}],"wp:attachment":[{"href":"https:\/\/deficryptoinsurance.com\/de\/wp-json\/wp\/v2\/media?parent=247"}],"curies":[{"name":"wp","href":"https:\/\/api.w.org\/{rel}","templated":true}]}}