{"id":238,"date":"2024-04-01T15:20:03","date_gmt":"2024-04-01T15:20:03","guid":{"rendered":"https:\/\/deficryptoinsurance.com\/?page_id=238"},"modified":"2024-04-25T13:48:51","modified_gmt":"2024-04-25T13:48:51","slug":"produktvorteile","status":"publish","type":"page","link":"https:\/\/deficryptoinsurance.com\/de\/produktvorteile\/","title":{"rendered":"Produktvorteile"},"content":{"rendered":"\n<p>Das System der DeFi Crypto Insurance ist mit Protokollen zur Beurteilung der Versicherungsf\u00e4lle, zur Beseitigung nachteiliger Folgen und zur Entsch\u00e4digung ausgestattet. Es handelt sich um eine zeitgem\u00e4\u00dfe L\u00f6sung f\u00fcr sichere Blockchain-Aktivit\u00e4ten.<\/p>\n","protected":false},"excerpt":{"rendered":"<p>Das System der DeFi Crypto Insurance ist mit Protokollen zur Beurteilung der Versicherungsf\u00e4lle, zur Beseitigung nachteiliger Folgen und zur Entsch\u00e4digung ausgestattet. Es handelt sich um eine zeitgem\u00e4\u00dfe L\u00f6sung f\u00fcr sichere Blockchain-Aktivit\u00e4ten.<\/p>\n","protected":false},"author":1,"featured_media":0,"parent":0,"menu_order":0,"comment_status":"closed","ping_status":"closed","template":"product-benefits-template.php","meta":{"inline_featured_image":false,"footnotes":""},"yoast_head":"<!-- This site is optimized with the Yoast SEO plugin v22.5 - https:\/\/yoast.com\/wordpress\/plugins\/seo\/ -->\n<title>DeFi Crypto Insurance \u2013 Produktvorteile<\/title>\n<meta name=\"description\" content=\"DeFi Crypto Insurance stattet Versicherungen mit einem Betrugsschutz, schneller Reaktion usw. aus, die auf die spezifischen Bed\u00fcrfnisse der Anleger zugeschnitten sind.\" \/>\n<meta name=\"robots\" content=\"index, follow, max-snippet:-1, max-image-preview:large, max-video-preview:-1\" \/>\n<link rel=\"canonical\" href=\"https:\/\/deficryptoinsurance.com\/de\/produktvorteile\/\" \/>\n<meta property=\"og:locale\" content=\"de_DE\" \/>\n<meta property=\"og:type\" content=\"article\" \/>\n<meta property=\"og:title\" content=\"DeFi Crypto Insurance \u2013 Produktvorteile\" \/>\n<meta property=\"og:description\" content=\"DeFi Crypto Insurance stattet Versicherungen mit einem Betrugsschutz, schneller Reaktion usw. aus, die auf die spezifischen Bed\u00fcrfnisse der Anleger zugeschnitten sind.\" \/>\n<meta property=\"og:url\" content=\"https:\/\/deficryptoinsurance.com\/de\/produktvorteile\/\" \/>\n<meta property=\"og:site_name\" content=\"DeFi Crypto Insurance\" \/>\n<meta property=\"article:modified_time\" content=\"2024-04-25T13:48:51+00:00\" \/>\n<meta property=\"og:image\" content=\"https:\/\/deficryptoinsurance.com\/wp-content\/uploads\/2024\/05\/cropped-Group-15-1.png\" \/>\n\t<meta property=\"og:image:width\" content=\"512\" \/>\n\t<meta property=\"og:image:height\" content=\"512\" \/>\n\t<meta property=\"og:image:type\" content=\"image\/png\" \/>\n<meta name=\"twitter:card\" content=\"summary_large_image\" \/>\n<meta name=\"twitter:label1\" content=\"Gesch\u00e4tzte Lesezeit\" \/>\n\t<meta name=\"twitter:data1\" content=\"1 Minute\" \/>\n<script type=\"application\/ld+json\" class=\"yoast-schema-graph\">{\"@context\":\"https:\/\/schema.org\",\"@graph\":[{\"@type\":\"WebPage\",\"@id\":\"https:\/\/deficryptoinsurance.com\/de\/produktvorteile\/\",\"url\":\"https:\/\/deficryptoinsurance.com\/de\/produktvorteile\/\",\"name\":\"DeFi Crypto Insurance \u2013 Produktvorteile\",\"isPartOf\":{\"@id\":\"https:\/\/deficryptoinsurance.com\/de\/#website\"},\"datePublished\":\"2024-04-01T15:20:03+00:00\",\"dateModified\":\"2024-04-25T13:48:51+00:00\",\"description\":\"DeFi Crypto Insurance stattet Versicherungen mit einem Betrugsschutz, schneller Reaktion usw. aus, die auf die spezifischen Bed\u00fcrfnisse der Anleger zugeschnitten sind.\",\"breadcrumb\":{\"@id\":\"https:\/\/deficryptoinsurance.com\/de\/produktvorteile\/#breadcrumb\"},\"inLanguage\":\"de-DE\",\"potentialAction\":[{\"@type\":\"ReadAction\",\"target\":[\"https:\/\/deficryptoinsurance.com\/de\/produktvorteile\/\"]}]},{\"@type\":\"BreadcrumbList\",\"@id\":\"https:\/\/deficryptoinsurance.com\/de\/produktvorteile\/#breadcrumb\",\"itemListElement\":[{\"@type\":\"ListItem\",\"position\":1,\"name\":\"Home\",\"item\":\"https:\/\/deficryptoinsurance.com\/de\/\"},{\"@type\":\"ListItem\",\"position\":2,\"name\":\"Produktvorteile\"}]},{\"@type\":\"WebSite\",\"@id\":\"https:\/\/deficryptoinsurance.com\/de\/#website\",\"url\":\"https:\/\/deficryptoinsurance.com\/de\/\",\"name\":\"Defi Crypto Insurance\",\"description\":\"DeFi Crypto Insurance\",\"publisher\":{\"@id\":\"https:\/\/deficryptoinsurance.com\/de\/#organization\"},\"potentialAction\":[{\"@type\":\"SearchAction\",\"target\":{\"@type\":\"EntryPoint\",\"urlTemplate\":\"https:\/\/deficryptoinsurance.com\/de\/?s={search_term_string}\"},\"query-input\":\"required name=search_term_string\"}],\"inLanguage\":\"de-DE\"},{\"@type\":\"Organization\",\"@id\":\"https:\/\/deficryptoinsurance.com\/de\/#organization\",\"name\":\"Defi Crypto Insurance\",\"url\":\"https:\/\/deficryptoinsurance.com\/de\/\",\"logo\":{\"@type\":\"ImageObject\",\"inLanguage\":\"de-DE\",\"@id\":\"https:\/\/deficryptoinsurance.com\/de\/#\/schema\/logo\/image\/\",\"url\":\"https:\/\/deficryptoinsurance.com\/wp-content\/uploads\/2024\/05\/cropped-Group-15-1.png\",\"contentUrl\":\"https:\/\/deficryptoinsurance.com\/wp-content\/uploads\/2024\/05\/cropped-Group-15-1.png\",\"width\":512,\"height\":512,\"caption\":\"Defi Crypto Insurance\"},\"image\":{\"@id\":\"https:\/\/deficryptoinsurance.com\/de\/#\/schema\/logo\/image\/\"}}]}<\/script>\n<!-- \/ Yoast SEO plugin. -->","yoast_head_json":{"title":"DeFi Crypto Insurance \u2013 Produktvorteile","description":"DeFi Crypto Insurance stattet Versicherungen mit einem Betrugsschutz, schneller Reaktion usw. aus, die auf die spezifischen Bed\u00fcrfnisse der Anleger zugeschnitten sind.","robots":{"index":"index","follow":"follow","max-snippet":"max-snippet:-1","max-image-preview":"max-image-preview:large","max-video-preview":"max-video-preview:-1"},"canonical":"https:\/\/deficryptoinsurance.com\/de\/produktvorteile\/","og_locale":"de_DE","og_type":"article","og_title":"DeFi Crypto Insurance \u2013 Produktvorteile","og_description":"DeFi Crypto Insurance stattet Versicherungen mit einem Betrugsschutz, schneller Reaktion usw. aus, die auf die spezifischen Bed\u00fcrfnisse der Anleger zugeschnitten sind.","og_url":"https:\/\/deficryptoinsurance.com\/de\/produktvorteile\/","og_site_name":"DeFi Crypto Insurance","article_modified_time":"2024-04-25T13:48:51+00:00","og_image":[{"width":512,"height":512,"url":"https:\/\/deficryptoinsurance.com\/wp-content\/uploads\/2024\/05\/cropped-Group-15-1.png","type":"image\/png"}],"twitter_card":"summary_large_image","twitter_misc":{"Gesch\u00e4tzte Lesezeit":"1 Minute"},"schema":{"@context":"https:\/\/schema.org","@graph":[{"@type":"WebPage","@id":"https:\/\/deficryptoinsurance.com\/de\/produktvorteile\/","url":"https:\/\/deficryptoinsurance.com\/de\/produktvorteile\/","name":"DeFi Crypto Insurance \u2013 Produktvorteile","isPartOf":{"@id":"https:\/\/deficryptoinsurance.com\/de\/#website"},"datePublished":"2024-04-01T15:20:03+00:00","dateModified":"2024-04-25T13:48:51+00:00","description":"DeFi Crypto Insurance stattet Versicherungen mit einem Betrugsschutz, schneller Reaktion usw. aus, die auf die spezifischen Bed\u00fcrfnisse der Anleger zugeschnitten sind.","breadcrumb":{"@id":"https:\/\/deficryptoinsurance.com\/de\/produktvorteile\/#breadcrumb"},"inLanguage":"de-DE","potentialAction":[{"@type":"ReadAction","target":["https:\/\/deficryptoinsurance.com\/de\/produktvorteile\/"]}]},{"@type":"BreadcrumbList","@id":"https:\/\/deficryptoinsurance.com\/de\/produktvorteile\/#breadcrumb","itemListElement":[{"@type":"ListItem","position":1,"name":"Home","item":"https:\/\/deficryptoinsurance.com\/de\/"},{"@type":"ListItem","position":2,"name":"Produktvorteile"}]},{"@type":"WebSite","@id":"https:\/\/deficryptoinsurance.com\/de\/#website","url":"https:\/\/deficryptoinsurance.com\/de\/","name":"Defi Crypto Insurance","description":"DeFi Crypto Insurance","publisher":{"@id":"https:\/\/deficryptoinsurance.com\/de\/#organization"},"potentialAction":[{"@type":"SearchAction","target":{"@type":"EntryPoint","urlTemplate":"https:\/\/deficryptoinsurance.com\/de\/?s={search_term_string}"},"query-input":"required name=search_term_string"}],"inLanguage":"de-DE"},{"@type":"Organization","@id":"https:\/\/deficryptoinsurance.com\/de\/#organization","name":"Defi Crypto Insurance","url":"https:\/\/deficryptoinsurance.com\/de\/","logo":{"@type":"ImageObject","inLanguage":"de-DE","@id":"https:\/\/deficryptoinsurance.com\/de\/#\/schema\/logo\/image\/","url":"https:\/\/deficryptoinsurance.com\/wp-content\/uploads\/2024\/05\/cropped-Group-15-1.png","contentUrl":"https:\/\/deficryptoinsurance.com\/wp-content\/uploads\/2024\/05\/cropped-Group-15-1.png","width":512,"height":512,"caption":"Defi Crypto Insurance"},"image":{"@id":"https:\/\/deficryptoinsurance.com\/de\/#\/schema\/logo\/image\/"}}]}},"_links":{"self":[{"href":"https:\/\/deficryptoinsurance.com\/de\/wp-json\/wp\/v2\/pages\/238"}],"collection":[{"href":"https:\/\/deficryptoinsurance.com\/de\/wp-json\/wp\/v2\/pages"}],"about":[{"href":"https:\/\/deficryptoinsurance.com\/de\/wp-json\/wp\/v2\/types\/page"}],"author":[{"embeddable":true,"href":"https:\/\/deficryptoinsurance.com\/de\/wp-json\/wp\/v2\/users\/1"}],"replies":[{"embeddable":true,"href":"https:\/\/deficryptoinsurance.com\/de\/wp-json\/wp\/v2\/comments?post=238"}],"version-history":[{"count":7,"href":"https:\/\/deficryptoinsurance.com\/de\/wp-json\/wp\/v2\/pages\/238\/revisions"}],"predecessor-version":[{"id":341,"href":"https:\/\/deficryptoinsurance.com\/de\/wp-json\/wp\/v2\/pages\/238\/revisions\/341"}],"wp:attachment":[{"href":"https:\/\/deficryptoinsurance.com\/de\/wp-json\/wp\/v2\/media?parent=238"}],"curies":[{"name":"wp","href":"https:\/\/api.w.org\/{rel}","templated":true}]}}