{"id":229,"date":"2024-04-01T14:58:24","date_gmt":"2024-04-01T14:58:24","guid":{"rendered":"https:\/\/deficryptoinsurance.com\/?page_id=229"},"modified":"2024-04-25T13:39:52","modified_gmt":"2024-04-25T13:39:52","slug":"about-us","status":"publish","type":"page","link":"https:\/\/deficryptoinsurance.com\/de\/about-us\/","title":{"rendered":"Unsere Identit\u00e4t"},"content":{"rendered":"\n<p>DeFi Crypto Insurance hei\u00dft Sie in der sicheren Welt f\u00fcr Investoren willkommen. Wir bieten ein robustes Sicherheitsnetz f\u00fcr Investoren, die sich auf dem unbest\u00e4ndigen Terrain der dezentralen Finanzen bewegen. Unsere Sicherheitsma\u00dfnahmen umfassen regelm\u00e4\u00dfige Audits durch unabh\u00e4ngige Dritte, strenge Smart-Contract-Tests und die Implementierung einer mehrschichtigen Verschl\u00fcsselung zum Schutz aller Transaktionen und pers\u00f6nlichen Daten.<\/p>\n","protected":false},"excerpt":{"rendered":"<p>DeFi Crypto Insurance hei\u00dft Sie in der sicheren Welt f\u00fcr Investoren willkommen. Wir bieten ein robustes Sicherheitsnetz f\u00fcr Investoren, die sich auf dem unbest\u00e4ndigen Terrain der dezentralen Finanzen bewegen. Unsere Sicherheitsma\u00dfnahmen umfassen regelm\u00e4\u00dfige Audits durch unabh\u00e4ngige Dritte, strenge Smart-Contract-Tests und die Implementierung einer mehrschichtigen Verschl\u00fcsselung zum Schutz aller Transaktionen und pers\u00f6nlichen Daten.<\/p>\n","protected":false},"author":1,"featured_media":0,"parent":0,"menu_order":0,"comment_status":"closed","ping_status":"closed","template":"about-us-template.php","meta":{"inline_featured_image":false,"footnotes":""},"yoast_head":"<!-- This site is optimized with the Yoast SEO plugin v22.5 - https:\/\/yoast.com\/wordpress\/plugins\/seo\/ -->\n<title>DeFi Crypto Insurance \u2013 \u00dcber uns<\/title>\n<meta name=\"description\" content=\"DeFi Crypto Insurance konzentriert seine Vision auf die Relevanz von Versicherungen und ihre Zug\u00e4nglichkeit f\u00fcr alle, die Sicherheit in die Welt des Investierens wollen.\" \/>\n<meta name=\"robots\" content=\"index, follow, max-snippet:-1, max-image-preview:large, max-video-preview:-1\" \/>\n<link rel=\"canonical\" href=\"https:\/\/deficryptoinsurance.com\/de\/about-us\/\" \/>\n<meta property=\"og:locale\" content=\"de_DE\" \/>\n<meta property=\"og:type\" content=\"article\" \/>\n<meta property=\"og:title\" content=\"DeFi Crypto Insurance \u2013 \u00dcber uns\" \/>\n<meta property=\"og:description\" content=\"DeFi Crypto Insurance konzentriert seine Vision auf die Relevanz von Versicherungen und ihre Zug\u00e4nglichkeit f\u00fcr alle, die Sicherheit in die Welt des Investierens wollen.\" \/>\n<meta property=\"og:url\" content=\"https:\/\/deficryptoinsurance.com\/de\/about-us\/\" \/>\n<meta property=\"og:site_name\" content=\"DeFi Crypto Insurance\" \/>\n<meta property=\"article:modified_time\" content=\"2024-04-25T13:39:52+00:00\" \/>\n<meta property=\"og:image\" content=\"https:\/\/deficryptoinsurance.com\/wp-content\/uploads\/2024\/05\/cropped-Group-15-1.png\" \/>\n\t<meta property=\"og:image:width\" content=\"512\" \/>\n\t<meta property=\"og:image:height\" content=\"512\" \/>\n\t<meta property=\"og:image:type\" content=\"image\/png\" \/>\n<meta name=\"twitter:card\" content=\"summary_large_image\" \/>\n<meta name=\"twitter:label1\" content=\"Gesch\u00e4tzte Lesezeit\" \/>\n\t<meta name=\"twitter:data1\" content=\"1 Minute\" \/>\n<script type=\"application\/ld+json\" class=\"yoast-schema-graph\">{\"@context\":\"https:\/\/schema.org\",\"@graph\":[{\"@type\":\"WebPage\",\"@id\":\"https:\/\/deficryptoinsurance.com\/de\/about-us\/\",\"url\":\"https:\/\/deficryptoinsurance.com\/de\/about-us\/\",\"name\":\"DeFi Crypto Insurance \u2013 \u00dcber uns\",\"isPartOf\":{\"@id\":\"https:\/\/deficryptoinsurance.com\/de\/#website\"},\"datePublished\":\"2024-04-01T14:58:24+00:00\",\"dateModified\":\"2024-04-25T13:39:52+00:00\",\"description\":\"DeFi Crypto Insurance konzentriert seine Vision auf die Relevanz von Versicherungen und ihre Zug\u00e4nglichkeit f\u00fcr alle, die Sicherheit in die Welt des Investierens wollen.\",\"breadcrumb\":{\"@id\":\"https:\/\/deficryptoinsurance.com\/de\/about-us\/#breadcrumb\"},\"inLanguage\":\"de-DE\",\"potentialAction\":[{\"@type\":\"ReadAction\",\"target\":[\"https:\/\/deficryptoinsurance.com\/de\/about-us\/\"]}]},{\"@type\":\"BreadcrumbList\",\"@id\":\"https:\/\/deficryptoinsurance.com\/de\/about-us\/#breadcrumb\",\"itemListElement\":[{\"@type\":\"ListItem\",\"position\":1,\"name\":\"Home\",\"item\":\"https:\/\/deficryptoinsurance.com\/de\/\"},{\"@type\":\"ListItem\",\"position\":2,\"name\":\"Unsere Identit\u00e4t\"}]},{\"@type\":\"WebSite\",\"@id\":\"https:\/\/deficryptoinsurance.com\/de\/#website\",\"url\":\"https:\/\/deficryptoinsurance.com\/de\/\",\"name\":\"Defi Crypto Insurance\",\"description\":\"DeFi Crypto Insurance\",\"publisher\":{\"@id\":\"https:\/\/deficryptoinsurance.com\/de\/#organization\"},\"potentialAction\":[{\"@type\":\"SearchAction\",\"target\":{\"@type\":\"EntryPoint\",\"urlTemplate\":\"https:\/\/deficryptoinsurance.com\/de\/?s={search_term_string}\"},\"query-input\":\"required name=search_term_string\"}],\"inLanguage\":\"de-DE\"},{\"@type\":\"Organization\",\"@id\":\"https:\/\/deficryptoinsurance.com\/de\/#organization\",\"name\":\"Defi Crypto Insurance\",\"url\":\"https:\/\/deficryptoinsurance.com\/de\/\",\"logo\":{\"@type\":\"ImageObject\",\"inLanguage\":\"de-DE\",\"@id\":\"https:\/\/deficryptoinsurance.com\/de\/#\/schema\/logo\/image\/\",\"url\":\"https:\/\/deficryptoinsurance.com\/wp-content\/uploads\/2024\/05\/cropped-Group-15-1.png\",\"contentUrl\":\"https:\/\/deficryptoinsurance.com\/wp-content\/uploads\/2024\/05\/cropped-Group-15-1.png\",\"width\":512,\"height\":512,\"caption\":\"Defi Crypto Insurance\"},\"image\":{\"@id\":\"https:\/\/deficryptoinsurance.com\/de\/#\/schema\/logo\/image\/\"}}]}<\/script>\n<!-- \/ Yoast SEO plugin. -->","yoast_head_json":{"title":"DeFi Crypto Insurance \u2013 \u00dcber uns","description":"DeFi Crypto Insurance konzentriert seine Vision auf die Relevanz von Versicherungen und ihre Zug\u00e4nglichkeit f\u00fcr alle, die Sicherheit in die Welt des Investierens wollen.","robots":{"index":"index","follow":"follow","max-snippet":"max-snippet:-1","max-image-preview":"max-image-preview:large","max-video-preview":"max-video-preview:-1"},"canonical":"https:\/\/deficryptoinsurance.com\/de\/about-us\/","og_locale":"de_DE","og_type":"article","og_title":"DeFi Crypto Insurance \u2013 \u00dcber uns","og_description":"DeFi Crypto Insurance konzentriert seine Vision auf die Relevanz von Versicherungen und ihre Zug\u00e4nglichkeit f\u00fcr alle, die Sicherheit in die Welt des Investierens wollen.","og_url":"https:\/\/deficryptoinsurance.com\/de\/about-us\/","og_site_name":"DeFi Crypto Insurance","article_modified_time":"2024-04-25T13:39:52+00:00","og_image":[{"width":512,"height":512,"url":"https:\/\/deficryptoinsurance.com\/wp-content\/uploads\/2024\/05\/cropped-Group-15-1.png","type":"image\/png"}],"twitter_card":"summary_large_image","twitter_misc":{"Gesch\u00e4tzte Lesezeit":"1 Minute"},"schema":{"@context":"https:\/\/schema.org","@graph":[{"@type":"WebPage","@id":"https:\/\/deficryptoinsurance.com\/de\/about-us\/","url":"https:\/\/deficryptoinsurance.com\/de\/about-us\/","name":"DeFi Crypto Insurance \u2013 \u00dcber uns","isPartOf":{"@id":"https:\/\/deficryptoinsurance.com\/de\/#website"},"datePublished":"2024-04-01T14:58:24+00:00","dateModified":"2024-04-25T13:39:52+00:00","description":"DeFi Crypto Insurance konzentriert seine Vision auf die Relevanz von Versicherungen und ihre Zug\u00e4nglichkeit f\u00fcr alle, die Sicherheit in die Welt des Investierens wollen.","breadcrumb":{"@id":"https:\/\/deficryptoinsurance.com\/de\/about-us\/#breadcrumb"},"inLanguage":"de-DE","potentialAction":[{"@type":"ReadAction","target":["https:\/\/deficryptoinsurance.com\/de\/about-us\/"]}]},{"@type":"BreadcrumbList","@id":"https:\/\/deficryptoinsurance.com\/de\/about-us\/#breadcrumb","itemListElement":[{"@type":"ListItem","position":1,"name":"Home","item":"https:\/\/deficryptoinsurance.com\/de\/"},{"@type":"ListItem","position":2,"name":"Unsere Identit\u00e4t"}]},{"@type":"WebSite","@id":"https:\/\/deficryptoinsurance.com\/de\/#website","url":"https:\/\/deficryptoinsurance.com\/de\/","name":"Defi Crypto Insurance","description":"DeFi Crypto Insurance","publisher":{"@id":"https:\/\/deficryptoinsurance.com\/de\/#organization"},"potentialAction":[{"@type":"SearchAction","target":{"@type":"EntryPoint","urlTemplate":"https:\/\/deficryptoinsurance.com\/de\/?s={search_term_string}"},"query-input":"required name=search_term_string"}],"inLanguage":"de-DE"},{"@type":"Organization","@id":"https:\/\/deficryptoinsurance.com\/de\/#organization","name":"Defi Crypto Insurance","url":"https:\/\/deficryptoinsurance.com\/de\/","logo":{"@type":"ImageObject","inLanguage":"de-DE","@id":"https:\/\/deficryptoinsurance.com\/de\/#\/schema\/logo\/image\/","url":"https:\/\/deficryptoinsurance.com\/wp-content\/uploads\/2024\/05\/cropped-Group-15-1.png","contentUrl":"https:\/\/deficryptoinsurance.com\/wp-content\/uploads\/2024\/05\/cropped-Group-15-1.png","width":512,"height":512,"caption":"Defi Crypto Insurance"},"image":{"@id":"https:\/\/deficryptoinsurance.com\/de\/#\/schema\/logo\/image\/"}}]}},"_links":{"self":[{"href":"https:\/\/deficryptoinsurance.com\/de\/wp-json\/wp\/v2\/pages\/229"}],"collection":[{"href":"https:\/\/deficryptoinsurance.com\/de\/wp-json\/wp\/v2\/pages"}],"about":[{"href":"https:\/\/deficryptoinsurance.com\/de\/wp-json\/wp\/v2\/types\/page"}],"author":[{"embeddable":true,"href":"https:\/\/deficryptoinsurance.com\/de\/wp-json\/wp\/v2\/users\/1"}],"replies":[{"embeddable":true,"href":"https:\/\/deficryptoinsurance.com\/de\/wp-json\/wp\/v2\/comments?post=229"}],"version-history":[{"count":8,"href":"https:\/\/deficryptoinsurance.com\/de\/wp-json\/wp\/v2\/pages\/229\/revisions"}],"predecessor-version":[{"id":337,"href":"https:\/\/deficryptoinsurance.com\/de\/wp-json\/wp\/v2\/pages\/229\/revisions\/337"}],"wp:attachment":[{"href":"https:\/\/deficryptoinsurance.com\/de\/wp-json\/wp\/v2\/media?parent=229"}],"curies":[{"name":"wp","href":"https:\/\/api.w.org\/{rel}","templated":true}]}}